{"id":11027,"date":"2019-11-26T11:48:27","date_gmt":"2019-11-26T11:48:27","guid":{"rendered":"https:\/\/dks.international\/?page_id=11027"},"modified":"2022-02-24T08:14:18","modified_gmt":"2022-02-24T08:14:18","slug":"decouvrez-nos-marques","status":"publish","type":"page","link":"https:\/\/dks.international\/fr\/decouvrez-nos-marques\/","title":{"rendered":"Les marques de DKS"},"content":{"rendered":"<p>[vc_row rt_row_background_width=\u00a0\u00bbfullwidth\u00a0\u00bb rt_row_content_width=\u00a0\u00bbdefault\u00a0\u00bb rt_row_style=\u00a0\u00bbdefault-style\u00a0\u00bb rt_row_height=\u00a0\u00bb\u00a0\u00bb rt_column_gaps=\u00a0\u00bb\u00a0\u00bb rt_row_shadows=\u00a0\u00bb\u00a0\u00bb rt_row_borders=\u00a0\u00bb\u00a0\u00bb rt_bg_effect=\u00a0\u00bbclassic\u00a0\u00bb rt_bg_image_repeat=\u00a0\u00bbrepeat\u00a0\u00bb rt_bg_size=\u00a0\u00bbcover\u00a0\u00bb rt_bg_position=\u00a0\u00bbright top\u00a0\u00bb rt_bg_attachment=\u00a0\u00bbscroll\u00a0\u00bb rt_bg_layer=\u00a0\u00bb\u00a0\u00bb rt_bg_video_format=\u00a0\u00bbself-hosted\u00a0\u00bb rt_class=\u00a0\u00bbrt-9185638&Prime; rt_paddings=\u00a0\u00bb,60px,,\u00a0\u00bb rt_margins=\u00a0\u00bb,,,\u00a0\u00bb rt_content_margins=\u00a0\u00bb,,,\u00a0\u00bb rt_tablet_paddings=\u00a0\u00bb,,,\u00a0\u00bb rt_tablet_margins=\u00a0\u00bb,,,\u00a0\u00bb rt_tablet_content_margins=\u00a0\u00bb,,,\u00a0\u00bb rt_sp_paddings=\u00a0\u00bb,,,\u00a0\u00bb rt_sp_margins=\u00a0\u00bb,,,\u00a0\u00bb rt_sp_content_margins=\u00a0\u00bb,,,\u00a0\u00bb][vc_column css_animation=\u00a0\u00bbfadeIn\u00a0\u00bb width=\u00a0\u00bb1\/2&Prime; rt_bg_effect=\u00a0\u00bbclassic\u00a0\u00bb rt_bg_image_repeat=\u00a0\u00bbrepeat\u00a0\u00bb rt_bg_size=\u00a0\u00bbauto auto\u00a0\u00bb rt_bg_position=\u00a0\u00bbright top\u00a0\u00bb rt_bg_attachment=\u00a0\u00bbscroll\u00a0\u00bb rt_class=\u00a0\u00bbrt-2593480&Prime; rt_margins=\u00a0\u00bb-140px,\u00a0\u00bb rt_paddings=\u00a0\u00bb,,,\u00a0\u00bb rt_wrapper_paddings=\u00a0\u00bb,,,\u00a0\u00bb rt_tablet_margins=\u00a0\u00bb20px,\u00a0\u00bb rt_tablet_paddings=\u00a0\u00bb,,,\u00a0\u00bb rt_tablet_wrapper_paddings=\u00a0\u00bb,,,\u00a0\u00bb rt_sp_margins=\u00a0\u00bb20px,\u00a0\u00bb rt_sp_paddings=\u00a0\u00bb,,,\u00a0\u00bb rt_sp_wrapper_paddings=\u00a0\u00bb,,,\u00a0\u00bb rt_bg_color=\u00a0\u00bb\u00a0\u00bb rt_bg_overlay_color=\u00a0\u00bb\u00a0\u00bb]<div class=\"rt-heading-wrapper rt-8620253\">\n\t\t\t\t\t\t<h4 class=\"rt-heading\" >D\u00e9couvrez nos marques<\/h4>\n\t\t\t\t\t<\/div>[\/vc_column][\/vc_row][vc_row rt_row_background_width=\u00a0\u00bbfullwidth\u00a0\u00bb rt_row_content_width=\u00a0\u00bbdefault\u00a0\u00bb rt_row_style=\u00a0\u00bbdefault-style\u00a0\u00bb rt_row_height=\u00a0\u00bb\u00a0\u00bb rt_column_gaps=\u00a0\u00bb\u00a0\u00bb rt_row_shadows=\u00a0\u00bb\u00a0\u00bb rt_row_borders=\u00a0\u00bb\u00a0\u00bb rt_bg_effect=\u00a0\u00bbclassic\u00a0\u00bb rt_bg_image_repeat=\u00a0\u00bbrepeat\u00a0\u00bb rt_bg_size=\u00a0\u00bbcover\u00a0\u00bb rt_bg_position=\u00a0\u00bbright top\u00a0\u00bb rt_bg_attachment=\u00a0\u00bbscroll\u00a0\u00bb rt_bg_layer=\u00a0\u00bb\u00a0\u00bb rt_bg_video_format=\u00a0\u00bbself-hosted\u00a0\u00bb rt_class=\u00a0\u00bbrt-3518984&Prime; rt_paddings=\u00a0\u00bb0px,0px,,\u00a0\u00bb rt_margins=\u00a0\u00bb,,,\u00a0\u00bb rt_content_margins=\u00a0\u00bb,,,\u00a0\u00bb rt_tablet_paddings=\u00a0\u00bb,,,\u00a0\u00bb rt_tablet_margins=\u00a0\u00bb,,,\u00a0\u00bb rt_tablet_content_margins=\u00a0\u00bb,,,\u00a0\u00bb rt_sp_paddings=\u00a0\u00bb,,,\u00a0\u00bb rt_sp_margins=\u00a0\u00bb,,,\u00a0\u00bb rt_sp_content_margins=\u00a0\u00bb,,,\u00a0\u00bb][vc_column width=\u00a0\u00bb2\/3&Prime; rt_bg_effect=\u00a0\u00bbclassic\u00a0\u00bb rt_bg_image_repeat=\u00a0\u00bbrepeat\u00a0\u00bb rt_bg_size=\u00a0\u00bbauto auto\u00a0\u00bb rt_bg_position=\u00a0\u00bbright top\u00a0\u00bb rt_bg_attachment=\u00a0\u00bbscroll\u00a0\u00bb rt_class=\u00a0\u00bbrt-3870175&Prime; rt_margins=\u00a0\u00bb0,\u00a0\u00bb rt_paddings=\u00a0\u00bb,,,\u00a0\u00bb rt_wrapper_paddings=\u00a0\u00bb,,,\u00a0\u00bb rt_tablet_margins=\u00a0\u00bb,\u00a0\u00bb rt_tablet_paddings=\u00a0\u00bb,,,\u00a0\u00bb rt_tablet_wrapper_paddings=\u00a0\u00bb,,,\u00a0\u00bb rt_sp_margins=\u00a0\u00bb,\u00a0\u00bb rt_sp_paddings=\u00a0\u00bb,,,\u00a0\u00bb rt_sp_wrapper_paddings=\u00a0\u00bb,,,\u00a0\u00bb rt_bg_color=\u00a0\u00bb\u00a0\u00bb rt_bg_overlay_color=\u00a0\u00bb\u00a0\u00bb]<div class=\"rt-heading-wrapper rt-4559005\">\n\t\t\t\t\t\t<h5 class=\"rt-heading\" >De quelles marques sommes-nous responsables ?<\/h5>\n\t\t\t\t\t<\/div>[vc_column_text css=\u00a0\u00bb.vc_custom_1645690451535{margin-top: -40px !important;}\u00a0\u00bb]Nos principales activit\u00e9s sont le marketing, la vente et la gestion de projet des marques Resopal et Premium Panels.[\/vc_column_text][\/vc_column][vc_column width=\u00a0\u00bb1\/3&Prime; rt_bg_effect=\u00a0\u00bbclassic\u00a0\u00bb rt_bg_image_repeat=\u00a0\u00bbrepeat\u00a0\u00bb rt_bg_size=\u00a0\u00bbauto auto\u00a0\u00bb rt_bg_position=\u00a0\u00bbright top\u00a0\u00bb rt_bg_attachment=\u00a0\u00bbscroll\u00a0\u00bb][\/vc_column][\/vc_row][vc_row rt_row_background_width=\u00a0\u00bbfullwidth\u00a0\u00bb rt_row_content_width=\u00a0\u00bbdefault\u00a0\u00bb rt_row_style=\u00a0\u00bbdefault-style\u00a0\u00bb rt_row_height=\u00a0\u00bb\u00a0\u00bb rt_column_gaps=\u00a0\u00bb\u00a0\u00bb rt_row_shadows=\u00a0\u00bb\u00a0\u00bb rt_row_borders=\u00a0\u00bb\u00a0\u00bb rt_bg_effect=\u00a0\u00bbclassic\u00a0\u00bb rt_bg_image_repeat=\u00a0\u00bbrepeat\u00a0\u00bb rt_bg_size=\u00a0\u00bbcover\u00a0\u00bb rt_bg_position=\u00a0\u00bbright top\u00a0\u00bb rt_bg_attachment=\u00a0\u00bbscroll\u00a0\u00bb rt_bg_layer=\u00a0\u00bb\u00a0\u00bb rt_bg_video_format=\u00a0\u00bbself-hosted\u00a0\u00bb][vc_column rt_bg_effect=\u00a0\u00bbclassic\u00a0\u00bb rt_bg_image_repeat=\u00a0\u00bbrepeat\u00a0\u00bb rt_bg_size=\u00a0\u00bbauto auto\u00a0\u00bb rt_bg_position=\u00a0\u00bbright top\u00a0\u00bb rt_bg_attachment=\u00a0\u00bbscroll\u00a0\u00bb][vc_empty_space height=\u00a0\u00bb5px\u00a0\u00bb][\/vc_column][\/vc_row][vc_row rt_row_background_width=\u00a0\u00bbfullwidth\u00a0\u00bb rt_row_content_width=\u00a0\u00bbdefault\u00a0\u00bb rt_row_style=\u00a0\u00bbdefault-style\u00a0\u00bb rt_row_height=\u00a0\u00bb\u00a0\u00bb rt_column_view=\u00a0\u00bbequal_heights\u00a0\u00bb rt_column_gaps=\u00a0\u00bb\u00a0\u00bb rt_row_shadows=\u00a0\u00bb\u00a0\u00bb rt_row_borders=\u00a0\u00bb\u00a0\u00bb rt_bg_effect=\u00a0\u00bbclassic\u00a0\u00bb rt_bg_image_repeat=\u00a0\u00bbrepeat\u00a0\u00bb rt_bg_size=\u00a0\u00bbcover\u00a0\u00bb rt_bg_position=\u00a0\u00bbright top\u00a0\u00bb rt_bg_attachment=\u00a0\u00bbscroll\u00a0\u00bb rt_bg_layer=\u00a0\u00bb\u00a0\u00bb rt_bg_video_format=\u00a0\u00bbself-hosted\u00a0\u00bb rt_class=\u00a0\u00bbrt-9606042&Prime; rt_paddings=\u00a0\u00bb0,0,,\u00a0\u00bb rt_margins=\u00a0\u00bb,,,\u00a0\u00bb rt_content_margins=\u00a0\u00bb,,,\u00a0\u00bb rt_tablet_paddings=\u00a0\u00bb,,,\u00a0\u00bb rt_tablet_margins=\u00a0\u00bb,,,\u00a0\u00bb rt_tablet_content_margins=\u00a0\u00bb,,,\u00a0\u00bb rt_sp_paddings=\u00a0\u00bb,,,\u00a0\u00bb rt_sp_margins=\u00a0\u00bb,,,\u00a0\u00bb rt_sp_content_margins=\u00a0\u00bb,,,\u00a0\u00bb][vc_column width=\u00a0\u00bb1\/3&Prime; rt_bg_effect=\u00a0\u00bbclassic\u00a0\u00bb rt_bg_image_repeat=\u00a0\u00bbrepeat\u00a0\u00bb rt_bg_size=\u00a0\u00bbauto auto\u00a0\u00bb rt_bg_position=\u00a0\u00bbright top\u00a0\u00bb rt_bg_attachment=\u00a0\u00bbscroll\u00a0\u00bb][vc_single_image image=\u00a0\u00bb11247&Prime;]\n\t\t<article class=\"content-box content-box2\">\n\t\t<div class=\"rt-heading-wrapper style-5\">\n\t\t\t\t\t\t<a href=\"https:\/\/www.premium-panels.com\/\" target=\"_blank\" title=\"Visitez le site web de Premium Panels\"><h4 class=\"rt-heading style-5\" >Collection Premium Panels<\/h4><\/a>\n\t\t\t\t\t<\/div>\n\t\t<div class=\"content-holder\">\n\t\t\t<div class=\"wpb_text_column wpb_content_element \">\n<div class=\"wpb_wrapper\">\n<p>Premium Panels se compose d\u2019une gamme de solutions de rev\u00eatement mural luxueux et de qualit\u00e9 irr\u00e9prochable, essentiellement utilis\u00e9s dans les projets d\u2019int\u00e9rieur les plus exclusifs.<\/p>\n<p>La collection Premium Panels est disponible exclusivement en Europe chez DKS international.<\/p>\n<\/div>\n<\/div>\n\n\t\t\t<div class=\"button_wrapper  arrow rounded\"><a href=\"https:\/\/www.premium-panels.com\/\" target=\"_blank\" title=\"Visitez le site web de Premium Panels\" class=\"button_  style-2 small\"><span><span>Visitez le site web de Premium Panels<\/span><\/span><\/a><\/div>\n\t\t<\/div>\n\t\t<\/article>\n\t\t[vc_empty_space][\/vc_column][vc_column width=\u00a0\u00bb1\/3&Prime; rt_bg_effect=\u00a0\u00bbclassic\u00a0\u00bb rt_bg_image_repeat=\u00a0\u00bbrepeat\u00a0\u00bb rt_bg_size=\u00a0\u00bbauto auto\u00a0\u00bb rt_bg_position=\u00a0\u00bbright top\u00a0\u00bb rt_bg_attachment=\u00a0\u00bbscroll\u00a0\u00bb][vc_single_image image=\u00a0\u00bb10544&Prime;]\n\t\t<article class=\"content-box content-box2\">\n\t\t<div class=\"rt-heading-wrapper style-5\">\n\t\t\t\t\t\t<a href=\"https:\/\/dks.international\/resopal\/fr\/\" target=\"_self\" title=\"Visitez le site web de Resopal\"><h4 class=\"rt-heading style-5\" >Collection Resopal<\/h4><\/a>\n\t\t\t\t\t<\/div>\n\t\t<div class=\"content-holder\">\n\t\t\t<p>Resopal produit des HPL qui sont utilis\u00e9s dans des projets int\u00e9rieurs et ext\u00e9rieurs de qualit\u00e9 sup\u00e9rieure.<\/p>\n<p>DKS international est responsable de Resopal aux Pays-Bas, en France et en Italie.<\/p>\n\n\t\t\t<div class=\"button_wrapper  arrow rounded\"><a href=\"https:\/\/dks.international\/resopal\/fr\/\" target=\"_self\" title=\"Visitez le site web de Resopal\" class=\"button_  style-2 small\"><span><span>Visitez le site web de Resopal<\/span><\/span><\/a><\/div>\n\t\t<\/div>\n\t\t<\/article>\n\t\t[vc_empty_space][\/vc_column][\/vc_row][vc_row rt_row_background_width=\u00a0\u00bbfullwidth\u00a0\u00bb rt_row_content_width=\u00a0\u00bbdefault\u00a0\u00bb rt_row_style=\u00a0\u00bbdefault-style\u00a0\u00bb rt_row_height=\u00a0\u00bb\u00a0\u00bb rt_column_gaps=\u00a0\u00bb\u00a0\u00bb rt_row_shadows=\u00a0\u00bb\u00a0\u00bb rt_row_borders=\u00a0\u00bb\u00a0\u00bb rt_bg_effect=\u00a0\u00bbclassic\u00a0\u00bb rt_bg_image_repeat=\u00a0\u00bbrepeat\u00a0\u00bb rt_bg_size=\u00a0\u00bbcover\u00a0\u00bb rt_bg_position=\u00a0\u00bbright top\u00a0\u00bb rt_bg_attachment=\u00a0\u00bbscroll\u00a0\u00bb rt_bg_layer=\u00a0\u00bb\u00a0\u00bb rt_bg_video_format=\u00a0\u00bbself-hosted\u00a0\u00bb][vc_column rt_bg_effect=\u00a0\u00bbclassic\u00a0\u00bb rt_bg_image_repeat=\u00a0\u00bbrepeat\u00a0\u00bb rt_bg_size=\u00a0\u00bbauto auto\u00a0\u00bb rt_bg_position=\u00a0\u00bbright top\u00a0\u00bb rt_bg_attachment=\u00a0\u00bbscroll\u00a0\u00bb][vc_empty_space height=\u00a0\u00bb30px\u00a0\u00bb][\/vc_column][\/vc_row]<\/p>\n","protected":false},"excerpt":{"rendered":"<p>[vc_row rt_row_background_width=\u00a0\u00bbfullwidth\u00a0\u00bb rt_row_content_width=\u00a0\u00bbdefault\u00a0\u00bb rt_row_style=\u00a0\u00bbdefault-style\u00a0\u00bb rt_row_height=\u00a0\u00bb\u00a0\u00bb rt_column_gaps=\u00a0\u00bb\u00a0\u00bb rt_row_shadows=\u00a0\u00bb\u00a0\u00bb rt_row_borders=\u00a0\u00bb\u00a0\u00bb rt_bg_effect=\u00a0\u00bbclassic\u00a0\u00bb rt_bg_image_repeat=\u00a0\u00bbrepeat\u00a0\u00bb rt_bg_size=\u00a0\u00bbcover\u00a0\u00bb rt_bg_position=\u00a0\u00bbright top\u00a0\u00bb rt_bg_attachment=\u00a0\u00bbscroll\u00a0\u00bb rt_bg_layer=\u00a0\u00bb\u00a0\u00bb rt_bg_video_format=\u00a0\u00bbself-hosted\u00a0\u00bb rt_class=\u00a0\u00bbrt-9185638&Prime; rt_paddings=\u00a0\u00bb,60px,,\u00a0\u00bb rt_margins=\u00a0\u00bb,,,\u00a0\u00bb rt_content_margins=\u00a0\u00bb,,,\u00a0\u00bb rt_tablet_paddings=\u00a0\u00bb,,,\u00a0\u00bb rt_tablet_margins=\u00a0\u00bb,,,\u00a0\u00bb rt_tablet_content_margins=\u00a0\u00bb,,,\u00a0\u00bb rt_sp_paddings=\u00a0\u00bb,,,\u00a0\u00bb rt_sp_margins=\u00a0\u00bb,,,\u00a0\u00bb rt_sp_content_margins=\u00a0\u00bb,,,\u00a0\u00bb][vc_column css_animation=\u00a0\u00bbfadeIn\u00a0\u00bb width=\u00a0\u00bb1\/2&Prime; rt_bg_effect=\u00a0\u00bbclassic\u00a0\u00bb rt_bg_image_repeat=\u00a0\u00bbrepeat\u00a0\u00bb rt_bg_size=\u00a0\u00bbauto auto\u00a0\u00bb rt_bg_position=\u00a0\u00bbright top\u00a0\u00bb rt_bg_attachment=\u00a0\u00bbscroll\u00a0\u00bb rt_class=\u00a0\u00bbrt-2593480&Prime; rt_margins=\u00a0\u00bb-140px,\u00a0\u00bb rt_paddings=\u00a0\u00bb,,,\u00a0\u00bb rt_wrapper_paddings=\u00a0\u00bb,,,\u00a0\u00bb rt_tablet_margins=\u00a0\u00bb20px,\u00a0\u00bb rt_tablet_paddings=\u00a0\u00bb,,,\u00a0\u00bb rt_tablet_wrapper_paddings=\u00a0\u00bb,,,\u00a0\u00bb rt_sp_margins=\u00a0\u00bb20px,\u00a0\u00bb rt_sp_paddings=\u00a0\u00bb,,,\u00a0\u00bb rt_sp_wrapper_paddings=\u00a0\u00bb,,,\u00a0\u00bb rt_bg_color=\u00a0\u00bb\u00a0\u00bb rt_bg_overlay_color=\u00a0\u00bb\u00a0\u00bb][\/vc_column][\/vc_row][vc_row rt_row_background_width=\u00a0\u00bbfullwidth\u00a0\u00bb rt_row_content_width=\u00a0\u00bbdefault\u00a0\u00bb rt_row_style=\u00a0\u00bbdefault-style\u00a0\u00bb rt_row_height=\u00a0\u00bb\u00a0\u00bb rt_column_gaps=\u00a0\u00bb\u00a0\u00bb rt_row_shadows=\u00a0\u00bb\u00a0\u00bb rt_row_borders=\u00a0\u00bb\u00a0\u00bb rt_bg_effect=\u00a0\u00bbclassic\u00a0\u00bb [&hellip;]<\/p>\n","protected":false},"author":11,"featured_media":0,"parent":0,"menu_order":0,"comment_status":"closed","ping_status":"closed","template":"","meta":{"footnotes":""},"yst_prominent_words":[2593,2587,2599,2591,2586,2594,2606,2596,2600,2592,2597,2589,2584,2598,2590,2585,2607,2605,2595,2588],"class_list":["post-11027","page","type-page","status-publish","hentry"],"_links":{"self":[{"href":"https:\/\/dks.international\/fr\/wp-json\/wp\/v2\/pages\/11027","targetHints":{"allow":["GET"]}}],"collection":[{"href":"https:\/\/dks.international\/fr\/wp-json\/wp\/v2\/pages"}],"about":[{"href":"https:\/\/dks.international\/fr\/wp-json\/wp\/v2\/types\/page"}],"author":[{"embeddable":true,"href":"https:\/\/dks.international\/fr\/wp-json\/wp\/v2\/users\/11"}],"replies":[{"embeddable":true,"href":"https:\/\/dks.international\/fr\/wp-json\/wp\/v2\/comments?post=11027"}],"version-history":[{"count":4,"href":"https:\/\/dks.international\/fr\/wp-json\/wp\/v2\/pages\/11027\/revisions"}],"predecessor-version":[{"id":11940,"href":"https:\/\/dks.international\/fr\/wp-json\/wp\/v2\/pages\/11027\/revisions\/11940"}],"wp:attachment":[{"href":"https:\/\/dks.international\/fr\/wp-json\/wp\/v2\/media?parent=11027"}],"wp:term":[{"taxonomy":"yst_prominent_words","embeddable":true,"href":"https:\/\/dks.international\/fr\/wp-json\/wp\/v2\/yst_prominent_words?post=11027"}],"curies":[{"name":"wp","href":"https:\/\/api.w.org\/{rel}","templated":true}]}}