{"id":10629,"date":"2018-12-19T22:24:54","date_gmt":"2018-12-19T22:24:54","guid":{"rendered":"https:\/\/dks.international\/a-propos-de-dks\/"},"modified":"2022-02-24T08:16:48","modified_gmt":"2022-02-24T08:16:48","slug":"a-propos-de-dks-international","status":"publish","type":"page","link":"https:\/\/dks.international\/fr\/a-propos-de-dks-international\/","title":{"rendered":"\u00c0 propos de DKS international"},"content":{"rendered":"<p>[vc_row rt_row_background_width=\u00a0\u00bbfullwidth\u00a0\u00bb rt_row_content_width=\u00a0\u00bbdefault\u00a0\u00bb rt_row_style=\u00a0\u00bbdefault-style\u00a0\u00bb rt_row_height=\u00a0\u00bb\u00a0\u00bb rt_column_gaps=\u00a0\u00bb\u00a0\u00bb rt_row_shadows=\u00a0\u00bb\u00a0\u00bb rt_row_borders=\u00a0\u00bb\u00a0\u00bb rt_bg_effect=\u00a0\u00bbclassic\u00a0\u00bb rt_bg_image_repeat=\u00a0\u00bbrepeat\u00a0\u00bb rt_bg_size=\u00a0\u00bbcover\u00a0\u00bb rt_bg_position=\u00a0\u00bbright top\u00a0\u00bb rt_bg_attachment=\u00a0\u00bbscroll\u00a0\u00bb rt_bg_layer=\u00a0\u00bb\u00a0\u00bb rt_bg_video_format=\u00a0\u00bbself-hosted\u00a0\u00bb rt_class=\u00a0\u00bbrt-9185638&Prime; rt_paddings=\u00a0\u00bb,60px,,\u00a0\u00bb rt_margins=\u00a0\u00bb,,,\u00a0\u00bb rt_content_margins=\u00a0\u00bb,,,\u00a0\u00bb rt_tablet_paddings=\u00a0\u00bb,,,\u00a0\u00bb rt_tablet_margins=\u00a0\u00bb,,,\u00a0\u00bb rt_tablet_content_margins=\u00a0\u00bb,,,\u00a0\u00bb rt_sp_paddings=\u00a0\u00bb,,,\u00a0\u00bb rt_sp_margins=\u00a0\u00bb,,,\u00a0\u00bb rt_sp_content_margins=\u00a0\u00bb,,,\u00a0\u00bb][vc_column css_animation=\u00a0\u00bbfadeIn\u00a0\u00bb width=\u00a0\u00bb1\/2&Prime; rt_bg_effect=\u00a0\u00bbclassic\u00a0\u00bb rt_bg_image_repeat=\u00a0\u00bbrepeat\u00a0\u00bb rt_bg_size=\u00a0\u00bbauto auto\u00a0\u00bb rt_bg_position=\u00a0\u00bbright top\u00a0\u00bb rt_bg_attachment=\u00a0\u00bbscroll\u00a0\u00bb rt_class=\u00a0\u00bbrt-7852764&Prime; rt_margins=\u00a0\u00bb-140px,\u00a0\u00bb rt_paddings=\u00a0\u00bb,,,\u00a0\u00bb rt_wrapper_paddings=\u00a0\u00bb,,,\u00a0\u00bb rt_tablet_margins=\u00a0\u00bb20px,\u00a0\u00bb rt_tablet_paddings=\u00a0\u00bb,,,\u00a0\u00bb rt_tablet_wrapper_paddings=\u00a0\u00bb,,,\u00a0\u00bb rt_sp_margins=\u00a0\u00bb20px,\u00a0\u00bb rt_sp_paddings=\u00a0\u00bb,,,\u00a0\u00bb rt_sp_wrapper_paddings=\u00a0\u00bb,,,\u00a0\u00bb rt_bg_color=\u00a0\u00bb\u00a0\u00bb rt_bg_overlay_color=\u00a0\u00bb\u00a0\u00bb]<div class=\"rt-heading-wrapper rt-3350626\">\n\t\t\t\t\t\t<h4 class=\"rt-heading\" >\u00c0 propos de DKS international<\/h4>\n\t\t\t\t\t<\/div>[\/vc_column][\/vc_row][vc_row rt_row_background_width=\u00a0\u00bbfullwidth\u00a0\u00bb rt_row_content_width=\u00a0\u00bbdefault\u00a0\u00bb rt_row_style=\u00a0\u00bbdefault-style\u00a0\u00bb rt_row_height=\u00a0\u00bb\u00a0\u00bb rt_column_gaps=\u00a0\u00bb\u00a0\u00bb rt_row_shadows=\u00a0\u00bb\u00a0\u00bb rt_row_borders=\u00a0\u00bb\u00a0\u00bb rt_bg_effect=\u00a0\u00bbclassic\u00a0\u00bb rt_bg_image_repeat=\u00a0\u00bbrepeat\u00a0\u00bb rt_bg_size=\u00a0\u00bbcover\u00a0\u00bb rt_bg_position=\u00a0\u00bbright top\u00a0\u00bb rt_bg_attachment=\u00a0\u00bbscroll\u00a0\u00bb rt_bg_layer=\u00a0\u00bb\u00a0\u00bb rt_bg_video_format=\u00a0\u00bbself-hosted\u00a0\u00bb rt_class=\u00a0\u00bbrt-3518984&Prime; rt_paddings=\u00a0\u00bb0px,0px,,\u00a0\u00bb rt_margins=\u00a0\u00bb,,,\u00a0\u00bb rt_content_margins=\u00a0\u00bb,,,\u00a0\u00bb rt_tablet_paddings=\u00a0\u00bb,,,\u00a0\u00bb rt_tablet_margins=\u00a0\u00bb,,,\u00a0\u00bb rt_tablet_content_margins=\u00a0\u00bb,,,\u00a0\u00bb rt_sp_paddings=\u00a0\u00bb,,,\u00a0\u00bb rt_sp_margins=\u00a0\u00bb,,,\u00a0\u00bb rt_sp_content_margins=\u00a0\u00bb,,,\u00a0\u00bb][vc_column width=\u00a0\u00bb1\/2&Prime; rt_bg_effect=\u00a0\u00bbclassic\u00a0\u00bb rt_bg_image_repeat=\u00a0\u00bbrepeat\u00a0\u00bb rt_bg_size=\u00a0\u00bbauto auto\u00a0\u00bb rt_bg_position=\u00a0\u00bbright top\u00a0\u00bb rt_bg_attachment=\u00a0\u00bbscroll\u00a0\u00bb rt_class=\u00a0\u00bbrt-7715230&Prime; rt_margins=\u00a0\u00bb0,\u00a0\u00bb rt_paddings=\u00a0\u00bb,,,\u00a0\u00bb rt_wrapper_paddings=\u00a0\u00bb,,,\u00a0\u00bb rt_tablet_margins=\u00a0\u00bb,\u00a0\u00bb rt_tablet_paddings=\u00a0\u00bb,,,\u00a0\u00bb rt_tablet_wrapper_paddings=\u00a0\u00bb,,,\u00a0\u00bb rt_sp_margins=\u00a0\u00bb,\u00a0\u00bb rt_sp_paddings=\u00a0\u00bb,,,\u00a0\u00bb rt_sp_wrapper_paddings=\u00a0\u00bb,,,\u00a0\u00bb rt_bg_color=\u00a0\u00bb\u00a0\u00bb rt_bg_overlay_color=\u00a0\u00bb\u00a0\u00bb]<div class=\"rt-heading-wrapper rt-5640657\">\n\t\t\t\t\t\t<h5 class=\"rt-heading\" >Exp\u00e9rience &amp; expertise<\/h5>\n\t\t\t\t\t<\/div>[vc_column_text css=\u00a0\u00bb.vc_custom_1645690542677{margin-top: -40px !important;}\u00a0\u00bb]DKS international BV est une agence d&rsquo;exportation tr\u00e8s exp\u00e9riment\u00e9e et dynamique qui est responsable des activit\u00e9s techniques et commerciales de <a href=\"https:\/\/dks.international\/resopal\/fr\/\">Resopal GmbH<\/a> aux Pays-Bas, en France et en Italie depuis 2003. Par la suite, la marque\u00a0<a href=\"https:\/\/premium-panels.com\/\">Premium Panels<\/a> (Europe) a \u00e9t\u00e9 ajout\u00e9es.[\/vc_column_text][vc_empty_space height=\u00a0\u00bb10px\u00a0\u00bb]<div class=\"button_wrapper  arrow rounded\"><a href=\"https:\/\/dks.international\/fr\/a-propos-de-dks\/notre-mission-et-valeur-ajoutee\/\" target=\"_self\" title=\"Mission, vision et valeur ajout\u00e9e\" class=\"button_  white small rt-1492174\"><span><span>Mission, vision et valeur ajout\u00e9e<\/span><\/span><\/a><\/div>[vc_empty_space height=\u00a0\u00bb10px\u00a0\u00bb]<div class=\"button_wrapper  arrow rounded\"><a href=\"https:\/\/dks.international\/fr\/decouvrez-nos-marques\/\" target=\"_self\" title=\"D\u00e9couvrez toutes nos marques\" class=\"button_  white small rt-1088672\"><span><span>D\u00e9couvrez toutes nos marques<\/span><\/span><\/a><\/div>[vc_empty_space height=\u00a0\u00bb10px\u00a0\u00bb]<div class=\"button_wrapper  arrow rounded\"><a href=\"https:\/\/dks.international\/fr\/a-propos-de-dks\/notre-equipe\/\" target=\"_self\" title=\"Notre \u00e9quipe\" class=\"button_  white small rt-6990616\"><span><span>Notre \u00e9quipe<\/span><\/span><\/a><\/div>[vc_empty_space height=\u00a0\u00bb10px\u00a0\u00bb]<div class=\"button_wrapper  arrow rounded\"><a href=\"https:\/\/dks.international\/fr\/a-propos-de-dks\/carrieres-et-emplois\/\" target=\"_self\" title=\"Travailler chez DKS\" class=\"button_  white small rt-6624688\"><span><span>Travailler chez DKS<\/span><\/span><\/a><\/div>[vc_empty_space height=\u00a0\u00bb10px\u00a0\u00bb]<div class=\"button_wrapper  arrow rounded\"><a href=\"https:\/\/dks.international\/fr\/a-propos-de-dks\/questions-et-reponses\/\" target=\"_self\" title=\"Foire aux questions\" class=\"button_  white small rt-1887704\"><span><span>Foire aux questions<\/span><\/span><\/a><\/div>[vc_empty_space height=\u00a0\u00bb10px\u00a0\u00bb]<div class=\"button_wrapper  arrow rounded\"><a href=\"https:\/\/dks.international\/fr\/a-propos-de-dks\/entrer-en-contact\/\" target=\"_self\" title=\"Contacter DKS\" class=\"button_  white small rt-2979055\"><span><span>Contacter DKS<\/span><\/span><\/a><\/div>[vc_empty_space height=\u00a0\u00bb40px\u00a0\u00bb][\/vc_column][vc_column width=\u00a0\u00bb1\/2&Prime; rt_bg_effect=\u00a0\u00bbclassic\u00a0\u00bb rt_bg_image_repeat=\u00a0\u00bbrepeat\u00a0\u00bb rt_bg_size=\u00a0\u00bbauto auto\u00a0\u00bb rt_bg_position=\u00a0\u00bbright top\u00a0\u00bb rt_bg_attachment=\u00a0\u00bbscroll\u00a0\u00bb]<div class=\"rt-heading-wrapper rt-3217207\">\n\t\t\t\t\t\t<h5 class=\"rt-heading\" >Notre histoire<\/h5>\n\t\t\t\t\t<\/div>\t \n\t\t<div  class=\"timeline style-2 \">\n\t\t\t \n\t\t<div  >\n\t\t\t \n\t\t<span class=\"event-date\">\n\t\t\t<span class=\"month\">1er d\u00e9cembre<\/span><span class=\"year\">2018<\/span>\n\t\t<\/span>\n\t<div class=\"event-details\"><h4 class=\"event-title\">15e anniversaire de DKS<\/h4><p>DKS international existe depuis 15 ans. Le <a href=\"https:\/\/dks.international\/fr\/decouvrez-nos-marques\/\">portefeuille de marques<\/a> se compose d\u00e9sormais de <a href=\"https:\/\/dks.international\/resopal\/fr\/\">Resopal<\/a>\u00a0et <a href=\"https:\/\/premium-panels.com\/\">Premium Panels<\/a>.<\/p>\n<\/div>\n\t\t<\/div>\n\t\t \n\t\t<div  >\n\t\t\t \n\t\t<span class=\"event-date\">\n\t\t\t<span class=\"month\">23 avril<\/span><span class=\"year\">2016<\/span>\n\t\t<\/span>\n\t<div class=\"event-details\"><h4 class=\"event-title\">Premium Panels<\/h4><p>La marque Premium Panels\u00a0\u2013 des solutions de rev\u00eatement mural pour les projets d&rsquo;int\u00e9rieur les plus exclusifs\u00a0\u2013 est cr\u00e9\u00e9e.<\/p>\n<\/div>\n\t\t<\/div>\n\t\t \n\t\t<div  >\n\t\t\t \n\t\t<span class=\"event-date\">\n\t\t\t<span class=\"month\">1e decembre<\/span><span class=\"year\">2003<\/span>\n\t\t<\/span>\n\t<div class=\"event-details\"><h4 class=\"event-title\">Cr\u00e9ation de DKS<\/h4><p>Marco <strong>D<\/strong>amen, Ronald <strong>K<\/strong>raan et Richard <strong>S<\/strong>chmidt &#8211; qui se sont rencontr\u00e9s chez Resopal &#8211; fondent DKS international et sont responsables de Resopal aux Pays-Bas, en France et en Italie.<\/p>\n<\/div>\n\t\t<\/div>\n\t\n\t\t<\/div>\n\t[\/vc_column][\/vc_row][vc_row rt_row_background_width=\u00a0\u00bbfullwidth\u00a0\u00bb rt_row_content_width=\u00a0\u00bbdefault\u00a0\u00bb rt_row_style=\u00a0\u00bbdefault-style\u00a0\u00bb rt_row_height=\u00a0\u00bb\u00a0\u00bb rt_column_gaps=\u00a0\u00bb\u00a0\u00bb rt_row_shadows=\u00a0\u00bb\u00a0\u00bb rt_row_borders=\u00a0\u00bb\u00a0\u00bb rt_bg_effect=\u00a0\u00bbclassic\u00a0\u00bb rt_bg_image_repeat=\u00a0\u00bbrepeat\u00a0\u00bb rt_bg_size=\u00a0\u00bbcover\u00a0\u00bb rt_bg_position=\u00a0\u00bbright top\u00a0\u00bb rt_bg_attachment=\u00a0\u00bbscroll\u00a0\u00bb rt_bg_layer=\u00a0\u00bb\u00a0\u00bb rt_bg_video_format=\u00a0\u00bbself-hosted\u00a0\u00bb rt_class=\u00a0\u00bbrt-7146343&Prime; rt_paddings=\u00a0\u00bb,,,\u00a0\u00bb rt_margins=\u00a0\u00bb,,,\u00a0\u00bb rt_content_margins=\u00a0\u00bb,,,\u00a0\u00bb rt_tablet_paddings=\u00a0\u00bb,,,\u00a0\u00bb rt_tablet_margins=\u00a0\u00bb,,,\u00a0\u00bb rt_tablet_content_margins=\u00a0\u00bb,,,\u00a0\u00bb rt_sp_paddings=\u00a0\u00bb,,,\u00a0\u00bb rt_sp_margins=\u00a0\u00bb,,,\u00a0\u00bb rt_sp_content_margins=\u00a0\u00bb,,,\u00a0\u00bb rt_bg_color=\u00a0\u00bb#ffffff\u00a0\u00bb][vc_column rt_bg_effect=\u00a0\u00bbclassic\u00a0\u00bb rt_bg_image_repeat=\u00a0\u00bbrepeat\u00a0\u00bb rt_bg_size=\u00a0\u00bbauto auto\u00a0\u00bb rt_bg_position=\u00a0\u00bbright top\u00a0\u00bb rt_bg_attachment=\u00a0\u00bbscroll\u00a0\u00bb][vc_empty_space height=\u00a0\u00bb5px\u00a0\u00bb][\/vc_column][\/vc_row]<\/p>\n","protected":false},"excerpt":{"rendered":"<p>[vc_row rt_row_background_width=\u00a0\u00bbfullwidth\u00a0\u00bb rt_row_content_width=\u00a0\u00bbdefault\u00a0\u00bb rt_row_style=\u00a0\u00bbdefault-style\u00a0\u00bb rt_row_height=\u00a0\u00bb\u00a0\u00bb rt_column_gaps=\u00a0\u00bb\u00a0\u00bb rt_row_shadows=\u00a0\u00bb\u00a0\u00bb rt_row_borders=\u00a0\u00bb\u00a0\u00bb rt_bg_effect=\u00a0\u00bbclassic\u00a0\u00bb rt_bg_image_repeat=\u00a0\u00bbrepeat\u00a0\u00bb rt_bg_size=\u00a0\u00bbcover\u00a0\u00bb rt_bg_position=\u00a0\u00bbright top\u00a0\u00bb rt_bg_attachment=\u00a0\u00bbscroll\u00a0\u00bb rt_bg_layer=\u00a0\u00bb\u00a0\u00bb rt_bg_video_format=\u00a0\u00bbself-hosted\u00a0\u00bb rt_class=\u00a0\u00bbrt-9185638&Prime; rt_paddings=\u00a0\u00bb,60px,,\u00a0\u00bb rt_margins=\u00a0\u00bb,,,\u00a0\u00bb rt_content_margins=\u00a0\u00bb,,,\u00a0\u00bb rt_tablet_paddings=\u00a0\u00bb,,,\u00a0\u00bb rt_tablet_margins=\u00a0\u00bb,,,\u00a0\u00bb rt_tablet_content_margins=\u00a0\u00bb,,,\u00a0\u00bb rt_sp_paddings=\u00a0\u00bb,,,\u00a0\u00bb rt_sp_margins=\u00a0\u00bb,,,\u00a0\u00bb rt_sp_content_margins=\u00a0\u00bb,,,\u00a0\u00bb][vc_column css_animation=\u00a0\u00bbfadeIn\u00a0\u00bb width=\u00a0\u00bb1\/2&Prime; rt_bg_effect=\u00a0\u00bbclassic\u00a0\u00bb rt_bg_image_repeat=\u00a0\u00bbrepeat\u00a0\u00bb rt_bg_size=\u00a0\u00bbauto auto\u00a0\u00bb rt_bg_position=\u00a0\u00bbright top\u00a0\u00bb rt_bg_attachment=\u00a0\u00bbscroll\u00a0\u00bb rt_class=\u00a0\u00bbrt-7852764&Prime; rt_margins=\u00a0\u00bb-140px,\u00a0\u00bb rt_paddings=\u00a0\u00bb,,,\u00a0\u00bb rt_wrapper_paddings=\u00a0\u00bb,,,\u00a0\u00bb rt_tablet_margins=\u00a0\u00bb20px,\u00a0\u00bb rt_tablet_paddings=\u00a0\u00bb,,,\u00a0\u00bb rt_tablet_wrapper_paddings=\u00a0\u00bb,,,\u00a0\u00bb rt_sp_margins=\u00a0\u00bb20px,\u00a0\u00bb rt_sp_paddings=\u00a0\u00bb,,,\u00a0\u00bb rt_sp_wrapper_paddings=\u00a0\u00bb,,,\u00a0\u00bb rt_bg_color=\u00a0\u00bb\u00a0\u00bb rt_bg_overlay_color=\u00a0\u00bb\u00a0\u00bb][\/vc_column][\/vc_row][vc_row rt_row_background_width=\u00a0\u00bbfullwidth\u00a0\u00bb rt_row_content_width=\u00a0\u00bbdefault\u00a0\u00bb rt_row_style=\u00a0\u00bbdefault-style\u00a0\u00bb rt_row_height=\u00a0\u00bb\u00a0\u00bb rt_column_gaps=\u00a0\u00bb\u00a0\u00bb rt_row_shadows=\u00a0\u00bb\u00a0\u00bb rt_row_borders=\u00a0\u00bb\u00a0\u00bb rt_bg_effect=\u00a0\u00bbclassic\u00a0\u00bb [&hellip;]<\/p>\n","protected":false},"author":11,"featured_media":0,"parent":0,"menu_order":0,"comment_status":"closed","ping_status":"closed","template":"","meta":{"footnotes":""},"yst_prominent_words":[2358,2623,2619,2616,2506,2572,1174,2625,2621,2618,66,2627,2610,2626,2622,2628,2624,2620,2617,1923],"class_list":["post-10629","page","type-page","status-publish","hentry"],"_links":{"self":[{"href":"https:\/\/dks.international\/fr\/wp-json\/wp\/v2\/pages\/10629","targetHints":{"allow":["GET"]}}],"collection":[{"href":"https:\/\/dks.international\/fr\/wp-json\/wp\/v2\/pages"}],"about":[{"href":"https:\/\/dks.international\/fr\/wp-json\/wp\/v2\/types\/page"}],"author":[{"embeddable":true,"href":"https:\/\/dks.international\/fr\/wp-json\/wp\/v2\/users\/11"}],"replies":[{"embeddable":true,"href":"https:\/\/dks.international\/fr\/wp-json\/wp\/v2\/comments?post=10629"}],"version-history":[{"count":2,"href":"https:\/\/dks.international\/fr\/wp-json\/wp\/v2\/pages\/10629\/revisions"}],"predecessor-version":[{"id":11942,"href":"https:\/\/dks.international\/fr\/wp-json\/wp\/v2\/pages\/10629\/revisions\/11942"}],"wp:attachment":[{"href":"https:\/\/dks.international\/fr\/wp-json\/wp\/v2\/media?parent=10629"}],"wp:term":[{"taxonomy":"yst_prominent_words","embeddable":true,"href":"https:\/\/dks.international\/fr\/wp-json\/wp\/v2\/yst_prominent_words?post=10629"}],"curies":[{"name":"wp","href":"https:\/\/api.w.org\/{rel}","templated":true}]}}